{"id":1263,"date":"2024-08-17T20:03:43","date_gmt":"2024-08-18T00:03:43","guid":{"rendered":"https:\/\/gosconsulting.ca\/privacy-policy\/"},"modified":"2025-02-03T17:41:58","modified_gmt":"2025-02-03T21:41:58","slug":"privacy-policy","status":"publish","type":"page","link":"https:\/\/gosconsulting.ca\/fr\/privacy-policy\/","title":{"rendered":"Privacy Policy"},"content":{"rendered":"<p>[et_pb_section fb_built=&#8221;1&#8243; custom_padding_last_edited=&#8221;on|tablet&#8221; _builder_version=&#8221;4.27.4&#8243; _module_preset=&#8221;default&#8221; background_color=&#8221;rgba(0,0,0,0.46)&#8221; background_image=&#8221;https:\/\/gosconsulting.ca\/wp-content\/uploads\/2025\/02\/privacy.png&#8221; background_blend=&#8221;color&#8221; z_index=&#8221;230&#8243; custom_margin=&#8221;0px||-1px||false|false&#8221; custom_padding=&#8221;230px||43px||false|false&#8221; custom_padding_tablet=&#8221;160px||160px||false|false&#8221; custom_padding_phone=&#8221;90px||90px||false|false&#8221; global_colors_info=&#8221;{}&#8221;][et_pb_row _builder_version=&#8221;4.24.2&#8243; _module_preset=&#8221;default&#8221; width=&#8221;90%&#8221; max_width=&#8221;1224px&#8221; custom_margin=&#8221;0px||0px||false|false&#8221; custom_padding=&#8221;0px||0px||false|false&#8221; global_colors_info=&#8221;{}&#8221;][et_pb_column type=&#8221;4_4&#8243; _builder_version=&#8221;4.24.2&#8243; _module_preset=&#8221;default&#8221; global_colors_info=&#8221;{}&#8221;][et_pb_text _builder_version=&#8221;4.27.0&#8243; _module_preset=&#8221;default&#8221; header_4_font=&#8221;Plus Jakarta Sans|600||on|||||&#8221; header_4_text_align=&#8221;left&#8221; header_4_text_color=&#8221;#FFFFFF&#8221; header_4_font_size=&#8221;14px&#8221; header_4_line_height=&#8221;1.2em&#8221; custom_margin=&#8221;0px||14px||false|false&#8221; custom_padding=&#8221;11px|27px|2px|27px|false|false&#8221; animation_style=&#8221;slide&#8221; animation_direction=&#8221;bottom&#8221; animation_intensity_slide=&#8221;25%&#8221; animation_speed_curve=&#8221;ease&#8221; custom_css_before=&#8221;content:%22%22;||background:#fff;||width:8px;||height:8px;||border-radius:50%;||position:absolute;||top:16px;||left:11px;&#8221; custom_css_main_element=&#8221;display:inline-block;&#8221; custom_css_after=&#8221;content:%22%22;||background:#fff;||width:8px;||height:8px;||border-radius:50%;||position:absolute;||top:16px;||right:11px;&#8221; border_radii=&#8221;on|100px|100px|100px|100px&#8221; border_width_all=&#8221;2px&#8221; border_color_all=&#8221;rgba(255,255,255,0.3)&#8221; global_colors_info=&#8221;{}&#8221;]<\/p>\n<h4>Empowering Business Excellence<\/h4>\n<p>[\/et_pb_text][et_pb_text _builder_version=&#8221;4.27.4&#8243; _module_preset=&#8221;default&#8221; header_font=&#8221;Albert Sans|700|||||||&#8221; header_text_align=&#8221;left&#8221; header_text_color=&#8221;#FFFFFF&#8221; header_font_size=&#8221;74px&#8221; header_line_height=&#8221;1.15em&#8221; background_image=&#8221;https:\/\/gosconsulting.ca\/wp-content\/uploads\/2024\/08\/business-consulting-6-byt-8line-long.png&#8221; background_size=&#8221;custom&#8221; background_position=&#8221;top_left&#8221; background_vertical_offset=&#8221;67px&#8221; max_width=&#8221;740px&#8221; custom_margin=&#8221;0px||5px||false|false&#8221; custom_padding=&#8221;0px||0px||false|false&#8221; animation_style=&#8221;slide&#8221; animation_direction=&#8221;bottom&#8221; animation_delay=&#8221;200ms&#8221; animation_intensity_slide=&#8221;5%&#8221; animation_speed_curve=&#8221;ease&#8221; header_font_size_tablet=&#8221;74px&#8221; header_font_size_phone=&#8221;34px&#8221; header_font_size_last_edited=&#8221;on|phone&#8221; background_last_edited=&#8221;on|phone&#8221; background_enable_image_phone=&#8221;off&#8221; global_colors_info=&#8221;{}&#8221;]<\/p>\n<h1>GOS Consulting<\/h1>\n<p>[\/et_pb_text][et_pb_text _builder_version=&#8221;4.27.4&#8243; _module_preset=&#8221;default&#8221; text_font=&#8221;Plus Jakarta Sans||||||||&#8221; text_text_color=&#8221;#FFFFFF&#8221; text_font_size=&#8221;20px&#8221; text_line_height=&#8221;1.5em&#8221; max_width=&#8221;670px&#8221; custom_margin=&#8221;0px||40px||false|false&#8221; custom_margin_tablet=&#8221;0px||40px||false|false&#8221; custom_margin_phone=&#8221;0px||30px||false|false&#8221; custom_margin_last_edited=&#8221;on|phone&#8221; custom_padding=&#8221;0px||0px||false|false&#8221; animation_style=&#8221;slide&#8221; animation_direction=&#8221;bottom&#8221; animation_delay=&#8221;400ms&#8221; animation_intensity_slide=&#8221;15%&#8221; animation_speed_curve=&#8221;ease&#8221; text_font_size_tablet=&#8221;20px&#8221; text_font_size_phone=&#8221;18px&#8221; text_font_size_last_edited=&#8221;on|phone&#8221; global_colors_info=&#8221;{}&#8221;]<\/p>\n<h1 style=\"text-align: left;\"><span style=\"color: #ffffff;\"><strong>Politique de confidentialit\u00e9 <\/strong><\/span><\/h1>\n<p>[\/et_pb_text][\/et_pb_column][\/et_pb_row][\/et_pb_section][et_pb_section fb_built=&#8221;1&#8243; _builder_version=&#8221;4.27.0&#8243; _module_preset=&#8221;default&#8221; global_colors_info=&#8221;{}&#8221;][et_pb_row _builder_version=&#8221;4.27.0&#8243; _module_preset=&#8221;default&#8221; custom_margin=&#8221;0px|auto|26px|auto|false|false&#8221; custom_padding=&#8221;0px||0px||false|false&#8221; custom_css_main_element=&#8221;text-align:center;&#8221; global_colors_info=&#8221;{}&#8221;][et_pb_column type=&#8221;4_4&#8243; _builder_version=&#8221;4.24.2&#8243; _module_preset=&#8221;default&#8221; global_colors_info=&#8221;{}&#8221;][et_pb_text _builder_version=&#8221;4.27.4&#8243; _module_preset=&#8221;default&#8221; text_font=&#8221;Plus Jakarta Sans||||||||&#8221; text_text_color=&#8221;#000000&#8243; text_font_size=&#8221;16px&#8221; text_line_height=&#8221;1.6em&#8221; header_font=&#8221;Plus Jakarta Sans||||||||&#8221; header_font_size=&#8221;25px&#8221; text_orientation=&#8221;center&#8221; custom_margin=&#8221;0px||0px||false|false&#8221; custom_padding=&#8221;34px||0px||false|false&#8221; global_colors_info=&#8221;{}&#8221;]<\/p>\n<h1 style=\"text-align: left;\"><strong>Privacy Policy for GOS Consulting Inc.<\/strong><\/h1>\n<p><strong><\/strong><\/p>\n<h4 style=\"text-align: left;\">Effective Date: 02-02-2025<\/h4>\n<p>&nbsp;<\/p>\n<p style=\"text-align: left;\">GOS Consulting Inc. (&#8220;we,&#8221; &#8220;us,&#8221; or &#8220;our&#8221;) is committed to protecting the privacy of visitors to our website (the &#8220;Site&#8221;) located at https:\/\/gosconsulting.ca\/. This Privacy Policy explains how we collect, use, and share information about you when you visit or use our Site.<\/p>\n<h4 style=\"text-align: left;\">Informations que nous recueillons :<\/h4>\n<p style=\"text-align: left;\">Nous pouvons recueillir les types d&#8217;informations suivants aupr\u00e8s de vous :<\/p>\n<ol>\n<li style=\"text-align: left;\"><strong>Renseignements personnels :<\/strong> Cela peut inclure des informations qui peuvent \u00eatre utilis\u00e9es pour vous identifier, telles que votre nom, votre adresse courriel, votre num\u00e9ro de t\u00e9l\u00e9phone, le nom de votre entreprise et votre titre de poste. Nous recueillons ces informations lorsque vous nous les soumettez volontairement par le biais de formulaires de contact, de courriels ou d&#8217;autres moyens.<\/li>\n<li style=\"text-align: left;\"><strong>Renseignements non personnels :<\/strong> Cela peut inclure des informations qui ne vous identifient pas directement, telles que votre adresse IP, votre type de navigateur, votre syst\u00e8me d&#8217;exploitation, le site Web de r\u00e9f\u00e9rence et les pages consult\u00e9es sur notre site. Nous recueillons ces informations automatiquement gr\u00e2ce \u00e0 des t\u00e9moins, des balises Web et d&#8217;autres technologies de suivi.<\/li>\n<\/ol>\n<h4 style=\"text-align: left;\">Comment nous utilisons vos informations :<\/h4>\n<p style=\"text-align: left;\">Nous pouvons utiliser vos informations aux fins suivantes :<\/p>\n<ol>\n<li style=\"text-align: left;\"><strong>Fournir des services :<\/strong> Pour r\u00e9pondre \u00e0 vos demandes de renseignements, fournir des services de consultation et r\u00e9pondre \u00e0 vos demandes.<\/li>\n<li style=\"text-align: left;\"><strong>Communiquer avec vous :<\/strong> Pour vous envoyer des courriels, des bulletins d&#8217;information, du mat\u00e9riel de marketing ou d&#8217;autres informations susceptibles de vous int\u00e9resser. Vous pouvez vous d\u00e9sinscrire de ces communications \u00e0 tout moment en suivant les instructions de d\u00e9sabonnement incluses dans les courriels.<\/li>\n<li style=\"text-align: left;\"><strong>Am\u00e9liorer notre site :<\/strong> Pour analyser l&#8217;utilisation du site Web, identifier les tendances et am\u00e9liorer la fonctionnalit\u00e9 et le contenu de notre site.<\/li>\n<li style=\"text-align: left;\"><strong>Se conformer aux obligations l\u00e9gales :<\/strong> Pour nous conformer aux lois et r\u00e9glementations applicables.<\/li>\n<\/ol>\n<h4 style=\"text-align: left;\">Comment nous partageons vos informations :<\/h4>\n<p style=\"text-align: left;\">Nous pouvons partager vos informations avec les tiers suivants :<\/p>\n<ol>\n<li style=\"text-align: left;\"><strong>Fournisseurs de services :<\/strong> Nous pouvons partager vos informations avec des fournisseurs de services tiers qui fournissent des services en notre nom, tels que l&#8217;h\u00e9bergement de sites Web, le marketing par courriel et l&#8217;analyse de donn\u00e9es. Ces fournisseurs de services sont contractuellement tenus de prot\u00e9ger vos informations et de ne les utiliser qu&#8217;aux fins que nous sp\u00e9cifions.<\/li>\n<li style=\"text-align: left;\"><strong>Autorit\u00e9s l\u00e9gales :<\/strong> Nous pouvons divulguer vos informations aux autorit\u00e9s l\u00e9gales si la loi ou une proc\u00e9dure judiciaire l&#8217;exige.<\/li>\n<li style=\"text-align: left;\"><strong>Transferts d&#8217;entreprise :<\/strong> Si nous sommes impliqu\u00e9s dans une fusion, une acquisition ou une vente de la totalit\u00e9 ou d&#8217;une partie de nos actifs, vos informations peuvent \u00eatre transf\u00e9r\u00e9es dans le cadre de cette transaction.<\/li>\n<\/ol>\n<h4 style=\"text-align: left;\">Vos choix :<\/h4>\n<p style=\"text-align: left;\">Vous avez les choix suivants concernant vos informations :<\/p>\n<ol>\n<li style=\"text-align: left;\"><strong>Acc\u00e8s et correction :<\/strong> Vous pouvez acc\u00e9der \u00e0 vos renseignements personnels et demander qu&#8217;ils soient corrig\u00e9s en nous contactant.<\/li>\n<li style=\"text-align: left;\"><strong>D\u00e9sinscription :<\/strong> Vous pouvez vous d\u00e9sinscrire des communications marketing de notre part en suivant les instructions de d\u00e9sabonnement incluses dans les courriels ou en nous contactant directement.<\/li>\n<li style=\"text-align: left;\"><strong>T\u00e9moins :<\/strong> Vous pouvez contr\u00f4ler les t\u00e9moins par le biais des param\u00e8tres de votre navigateur. Toutefois, la d\u00e9sactivation des t\u00e9moins peut affecter la fonctionnalit\u00e9 de notre site.<\/li>\n<\/ol>\n<h4 style=\"text-align: left;\">S\u00e9curit\u00e9 des donn\u00e9es :<\/h4>\n<p style=\"text-align: left;\">Nous prenons des mesures raisonnables pour prot\u00e9ger vos informations contre tout acc\u00e8s, utilisation ou divulgation non autoris\u00e9s. Cependant, aucune transmission de donn\u00e9es sur Internet n&#8217;est compl\u00e8tement s\u00e9curis\u00e9e.<\/p>\n<h4 style=\"text-align: left;\">Confidentialit\u00e9 des enfants :<\/h4>\n<p style=\"text-align: left;\">Notre site n&#8217;est pas destin\u00e9 aux enfants de moins de 13 ans. Nous ne recueillons pas sciemment de renseignements personnels aupr\u00e8s d&#8217;enfants de moins de 13 ans.<\/p>\n<h4 style=\"text-align: left;\">Modifications \u00e0 la pr\u00e9sente politique de confidentialit\u00e9 :<\/h4>\n<p style=\"text-align: left;\">Nous pouvons mettre \u00e0 jour cette politique de confidentialit\u00e9 de temps \u00e0 autre. Nous publierons toute modification sur cette page et vous encourageons \u00e0 la consulter p\u00e9riodiquement.<\/p>\n<h4 style=\"text-align: left;\">Contactez-nous :<\/h4>\n<p style=\"text-align: left;\">Si vous avez des questions concernant cette politique de confidentialit\u00e9, veuillez nous contacter \u00e0 l&#8217;adresse suivante<sup>25<\/sup> :<\/p>\n<p style=\"text-align: left;\">GOS Consulting Inc.<\/p>\n<p style=\"text-align: left;\">T\u00e9l\u00e9phone: (+1) 514 318 8786<\/p>\n<p style=\"text-align: left;\"><a href=\"http:\/\/www.gosconsulting.ca\">www.gosconsulting.ca<\/a><\/p>\n<ul style=\"text-align: left;\"><\/ul>\n<p>[\/et_pb_text][\/et_pb_column][\/et_pb_row][\/et_pb_section]<\/p>\n","protected":false},"excerpt":{"rendered":"<p>Empowering Business ExcellenceGOS ConsultingPolitique de confidentialit\u00e9 Privacy Policy for GOS Consulting Inc. Effective Date: 02-02-2025 &nbsp; GOS Consulting Inc. (&#8220;we,&#8221; &#8220;us,&#8221; or &#8220;our&#8221;) is committed to protecting the privacy of visitors to our website (the &#8220;Site&#8221;) located at https:\/\/gosconsulting.ca\/. This Privacy Policy explains how we collect, use, and share information about you when you visit [&hellip;]<\/p>\n","protected":false},"author":1,"featured_media":0,"parent":0,"menu_order":0,"comment_status":"closed","ping_status":"open","template":"","meta":{"_et_pb_use_builder":"on","_et_pb_old_content":"<!-- wp:heading -->\r\n<h2 class=\"wp-block-heading\">Who we are<\/h2>\r\n<!-- \/wp:heading --><!-- wp:paragraph -->\r\n<p><strong class=\"privacy-policy-tutorial\">Suggested text: <\/strong>Our website address is: https:\/\/gosconsulting.ca.<\/p>\r\n<!-- \/wp:paragraph --><!-- wp:heading -->\r\n<h2 class=\"wp-block-heading\">Comments<\/h2>\r\n<!-- \/wp:heading --><!-- wp:paragraph -->\r\n<p><strong class=\"privacy-policy-tutorial\">Suggested text: <\/strong>When visitors leave comments on the site we collect the data shown in the comments form, and also the visitor\u2019s IP address and browser user agent string to help spam detection.<\/p>\r\n<!-- \/wp:paragraph --><!-- wp:paragraph -->\r\n<p>An anonymized string created from your email address (also called a hash) may be provided to the Gravatar service to see if you are using it. The Gravatar service privacy policy is available here: https:\/\/automattic.com\/privacy\/. After approval of your comment, your profile picture is visible to the public in the context of your comment.<\/p>\r\n<!-- \/wp:paragraph --><!-- wp:heading -->\r\n<h2 class=\"wp-block-heading\">Media<\/h2>\r\n<!-- \/wp:heading --><!-- wp:paragraph -->\r\n<p><strong class=\"privacy-policy-tutorial\">Suggested text: <\/strong>If you upload images to the website, you should avoid uploading images with embedded location data (EXIF GPS) included. Visitors to the website can download and extract any location data from images on the website.<\/p>\r\n<!-- \/wp:paragraph --><!-- wp:heading -->\r\n<h2 class=\"wp-block-heading\">Cookies<\/h2>\r\n<!-- \/wp:heading --><!-- wp:paragraph -->\r\n<p><strong class=\"privacy-policy-tutorial\">Suggested text: <\/strong>If you leave a comment on our site you may opt-in to saving your name, email address and website in cookies. These are for your convenience so that you do not have to fill in your details again when you leave another comment. These cookies will last for one year.<\/p>\r\n<!-- \/wp:paragraph --><!-- wp:paragraph -->\r\n<p>If you visit our login page, we will set a temporary cookie to determine if your browser accepts cookies. This cookie contains no personal data and is discarded when you close your browser.<\/p>\r\n<!-- \/wp:paragraph --><!-- wp:paragraph -->\r\n<p>When you log in, we will also set up several cookies to save your login information and your screen display choices. Login cookies last for two days, and screen options cookies last for a year. If you select \"Remember Me\", your login will persist for two weeks. If you log out of your account, the login cookies will be removed.<\/p>\r\n<!-- \/wp:paragraph --><!-- wp:paragraph -->\r\n<p>If you edit or publish an article, an additional cookie will be saved in your browser. This cookie includes no personal data and simply indicates the post ID of the article you just edited. It expires after 1 day.<\/p>\r\n<!-- \/wp:paragraph --><!-- wp:heading -->\r\n<h2 class=\"wp-block-heading\">Embedded content from other websites<\/h2>\r\n<!-- \/wp:heading --><!-- wp:paragraph -->\r\n<p><strong class=\"privacy-policy-tutorial\">Suggested text: <\/strong>Articles on this site may include embedded content (e.g. videos, images, articles, etc.). Embedded content from other websites behaves in the exact same way as if the visitor has visited the other website.<\/p>\r\n<!-- \/wp:paragraph --><!-- wp:paragraph -->\r\n<p>These websites may collect data about you, use cookies, embed additional third-party tracking, and monitor your interaction with that embedded content, including tracking your interaction with the embedded content if you have an account and are logged in to that website.<\/p>\r\n<!-- \/wp:paragraph --><!-- wp:heading -->\r\n<h2 class=\"wp-block-heading\">Who we share your data with<\/h2>\r\n<!-- \/wp:heading --><!-- wp:paragraph -->\r\n<p><strong class=\"privacy-policy-tutorial\">Suggested text: <\/strong>If you request a password reset, your IP address will be included in the reset email.<\/p>\r\n<!-- \/wp:paragraph --><!-- wp:heading -->\r\n<h2 class=\"wp-block-heading\">How long we retain your data<\/h2>\r\n<!-- \/wp:heading --><!-- wp:paragraph -->\r\n<p><strong class=\"privacy-policy-tutorial\">Suggested text: <\/strong>If you leave a comment, the comment and its metadata are retained indefinitely. This is so we can recognize and approve any follow-up comments automatically instead of holding them in a moderation queue.<\/p>\r\n<!-- \/wp:paragraph --><!-- wp:paragraph -->\r\n<p>For users that register on our website (if any), we also store the personal information they provide in their user profile. All users can see, edit, or delete their personal information at any time (except they cannot change their username). Website administrators can also see and edit that information.<\/p>\r\n<!-- \/wp:paragraph --><!-- wp:heading -->\r\n<h2 class=\"wp-block-heading\">What rights you have over your data<\/h2>\r\n<!-- \/wp:heading --><!-- wp:paragraph -->\r\n<p><strong class=\"privacy-policy-tutorial\">Suggested text: <\/strong>If you have an account on this site, or have left comments, you can request to receive an exported file of the personal data we hold about you, including any data you have provided to us. You can also request that we erase any personal data we hold about you. This does not include any data we are obliged to keep for administrative, legal, or security purposes.<\/p>\r\n<!-- \/wp:paragraph --><!-- wp:heading -->\r\n<h2 class=\"wp-block-heading\">Where your data is sent<\/h2>\r\n<!-- \/wp:heading --><!-- wp:paragraph -->\r\n<p><strong class=\"privacy-policy-tutorial\">Suggested text: <\/strong>Visitor comments may be checked through an automated spam detection service.<\/p>\r\n<!-- \/wp:paragraph -->\r\n<p>\u00a0<\/p>","_et_gb_content_width":"","footnotes":""},"class_list":["post-1263","page","type-page","status-publish","hentry"],"_links":{"self":[{"href":"https:\/\/gosconsulting.ca\/fr\/wp-json\/wp\/v2\/pages\/1263","targetHints":{"allow":["GET"]}}],"collection":[{"href":"https:\/\/gosconsulting.ca\/fr\/wp-json\/wp\/v2\/pages"}],"about":[{"href":"https:\/\/gosconsulting.ca\/fr\/wp-json\/wp\/v2\/types\/page"}],"author":[{"embeddable":true,"href":"https:\/\/gosconsulting.ca\/fr\/wp-json\/wp\/v2\/users\/1"}],"replies":[{"embeddable":true,"href":"https:\/\/gosconsulting.ca\/fr\/wp-json\/wp\/v2\/comments?post=1263"}],"version-history":[{"count":7,"href":"https:\/\/gosconsulting.ca\/fr\/wp-json\/wp\/v2\/pages\/1263\/revisions"}],"predecessor-version":[{"id":1293,"href":"https:\/\/gosconsulting.ca\/fr\/wp-json\/wp\/v2\/pages\/1263\/revisions\/1293"}],"wp:attachment":[{"href":"https:\/\/gosconsulting.ca\/fr\/wp-json\/wp\/v2\/media?parent=1263"}],"curies":[{"name":"wp","href":"https:\/\/api.w.org\/{rel}","templated":true}]}}